{"id":3,"date":"2023-02-04T13:42:29","date_gmt":"2023-02-04T13:42:29","guid":{"rendered":"https:\/\/mariacaterinapratico.com\/?page_id=3"},"modified":"2023-04-02T12:49:42","modified_gmt":"2023-04-02T12:49:42","slug":"privacy-policy","status":"publish","type":"page","link":"https:\/\/mariacaterinapratico.com\/es\/privacy-policy\/","title":{"rendered":"Pol\u00edtica de privacidad"},"content":{"rendered":"<section  class='av_textblock_section av-lffcnmpz-1d8c0d087600586282f68845bcc77214'  itemscope=\"itemscope\" itemtype=\"https:\/\/schema.org\/CreativeWork\" ><div class='avia_textblock'  itemprop=\"text\" ><h3>Quienes somos<\/h3>\n<p>La direcci\u00f3n de nuestro sitio web es: <strong>https:\/\/mariacaterinapratico.com<\/strong>.<\/p>\n<h3>Comentarios<\/h3>\n<p>Cuando los visitantes dejan comentarios en el sitio, recopilamos los datos que se muestran en el formulario de comentarios, y tambi\u00e9n la direcci\u00f3n IP del visitante y la cadena del agente de usuario del navegador para ayudar a la detecci\u00f3n de spam.<\/p>\n<p>Se puede proporcionar una cadena an\u00f3nima creada a partir de su direcci\u00f3n de correo electr\u00f3nico (tambi\u00e9n llamada hash) al servicio Gravatar para ver si la est\u00e1 utilizando. La pol\u00edtica de privacidad del servicio Gravatar est\u00e1 disponible aqu\u00ed: https:\/\/automattic.com\/privacy\/. Despu\u00e9s de la aprobaci\u00f3n de su comentario, su foto de perfil es visible para el p\u00fablico en el contexto de su comentario.<\/p>\n<h3>Medios de comunicaci\u00f3n<\/h3>\n<p>Si subes im\u00e1genes al sitio web, debes evitar subir im\u00e1genes con datos de ubicaci\u00f3n incrustados (GPS EXIF) incluidos. Los visitantes del sitio web pueden descargar y extraer cualquier dato de ubicaci\u00f3n de las im\u00e1genes del sitio web.<\/p>\n<h3>Cookies<\/h3>\n<p>Si deja un comentario en nuestro sitio, puede optar por guardar su nombre, direcci\u00f3n de correo electr\u00f3nico y sitio web en cookies. Estos son para su comodidad, para que no tenga que volver a rellenar sus datos cuando deje otro comentario. Estas cookies tendr\u00e1n una duraci\u00f3n de un a\u00f1o.<\/p>\n<p>Si visita nuestra p\u00e1gina de inicio de sesi\u00f3n, estableceremos una cookie temporal para determinar si su navegador acepta cookies. Esta cookie no contiene datos personales y se descarta cuando cierra su navegador.<\/p>\n<p>Cuando inicie sesi\u00f3n, tambi\u00e9n configuraremos varias cookies para guardar su informaci\u00f3n de inicio de sesi\u00f3n y sus opciones de visualizaci\u00f3n de pantalla. Las cookies de inicio de sesi\u00f3n duran dos d\u00edas y las cookies de opciones de pantalla duran un a\u00f1o. Si selecciona \"Recordarme\", su inicio de sesi\u00f3n persistir\u00e1 durante dos semanas. Si cierra sesi\u00f3n en su cuenta, se eliminar\u00e1n las cookies de inicio de sesi\u00f3n.<\/p>\n<p>Si edita o publica un art\u00edculo, se guardar\u00e1 una cookie adicional en su navegador. Esta cookie no incluye datos personales y simplemente indica el ID de publicaci\u00f3n del art\u00edculo que acaba de editar. Caduca despu\u00e9s de 1 d\u00eda.<\/p>\n<h3>Contenido incrustado de otros sitios web<\/h3>\n<p>Los art\u00edculos en este sitio pueden incluir contenido incrustado (por ejemplo, videos, im\u00e1genes, art\u00edculos, etc.). El contenido incrustado de otros sitios web se comporta exactamente de la misma manera que si el visitante hubiera visitado el otro sitio web.<\/p>\n<p>Estos sitios web pueden recopilar datos sobre usted, usar cookies, incrustar un seguimiento adicional de terceros y monitorear su interacci\u00f3n con ese contenido incrustado, incluido el seguimiento de su interacci\u00f3n con el contenido incrustado si tiene una cuenta y ha iniciado sesi\u00f3n en ese sitio web.<\/p>\n<h3>Con qui\u00e9n compartimos sus datos<\/h3>\n<p>Si solicita un restablecimiento de contrase\u00f1a, su direcci\u00f3n IP se incluir\u00e1 en el correo electr\u00f3nico de restablecimiento.<\/p>\n<h3>Cu\u00e1nto tiempo conservamos sus datos<\/h3>\n<p>Si deja un comentario, el comentario y sus metadatos se conservan indefinidamente. Esto es para que podamos reconocer y aprobar cualquier comentario de seguimiento autom\u00e1ticamente en lugar de mantenerlos en una cola de moderaci\u00f3n.<\/p>\n<p>Para los usuarios que se registran en nuestro sitio web (si los hay), tambi\u00e9n almacenamos la informaci\u00f3n personal que proporcionan en su perfil de usuario. Todos los usuarios pueden ver, editar o eliminar su informaci\u00f3n personal en cualquier momento (excepto que no pueden cambiar su nombre de usuario). Los administradores del sitio web tambi\u00e9n pueden ver y editar esa informaci\u00f3n.<\/p>\n<h3>Qu\u00e9 derechos tienes sobre tus datos<\/h3>\n<p>Si tiene una cuenta en este sitio o ha dejado comentarios, puede solicitar recibir un archivo exportado de los datos personales que tenemos sobre usted, incluidos los datos que nos haya proporcionado. Tambi\u00e9n puede solicitar que eliminemos cualquier dato personal que tengamos sobre usted. Esto no incluye ning\u00fan dato que estemos obligados a conservar con fines administrativos, legales o de seguridad.<\/p>\n<h3>D\u00f3nde se env\u00edan sus datos<\/h3>\n<p>Los comentarios de los visitantes puede que los revise un servicio de detecci\u00f3n autom\u00e1tica de spam.<\/p>\n<\/div><\/section>\n<div  class='avia-buttonrow-wrap av-lfzegg89-bf1856701bcf1dc205b393451f78add9 avia-buttonrow-center  avia-builder-el-1  el_after_av_textblock  el_before_av_layout_row  avia-builder-el-last'>\n\n<style type=\"text\/css\" data-created_by=\"avia_inline_auto\" id=\"style-css-av-lfzeg1wm-294096b34b99a22ddbf24673f5591ba1\">\n#top #wrap_all .avia-button.av-lfzeg1wm-294096b34b99a22ddbf24673f5591ba1{\nmargin-bottom:5px;\nmargin-right:3px;\nmargin-left:3px;\n}\n<\/style>\n<a href='https:\/\/mariacaterinapratico.com\/es\/'  class='avia-button av-lfzeg1wm-294096b34b99a22ddbf24673f5591ba1 avia-icon_select-yes-left-icon avia-size-large avia-color-theme-color'  ><span class='avia_button_icon avia_button_icon_left' aria-hidden='true' data-av_icon='\ue874' data-av_iconfont='entypo-fontello'><\/span><span class='avia_iconbox_title' >VOLVER A LA P\u00c1GINA PRINCIPAL - INICIO<\/span><\/a>\n<\/div>\n<\/div><\/div><\/div><!-- close content main div --><\/div><\/div><div id='av-layout-grid-1'  class='av-layout-grid-container av-av_layout_row-52f6faf7a5ba745841249bda6a6c5b4e entry-content-wrapper footer_color av-flex-cells  avia-builder-el-2  el_after_av_buttonrow  avia-builder-el-last  grid-row-not-first  container_wrap fullsize'  >\n\n<style type=\"text\/css\" data-created_by=\"avia_inline_auto\" id=\"style-css-av-av_cell_three_fourth-b521c617e2d8b6a7a166c88a2592e20c\">\n.flex_cell.av-av_cell_three_fourth-b521c617e2d8b6a7a166c88a2592e20c{\nvertical-align:top;\n}\n.responsive #top #wrap_all .flex_cell.av-av_cell_three_fourth-b521c617e2d8b6a7a166c88a2592e20c{\npadding:10px 0 10px 50px !important;\n}\n<\/style>\n<div class='flex_cell av-av_cell_three_fourth-b521c617e2d8b6a7a166c88a2592e20c av-gridrow-cell av_three_fourth no_margin  avia-builder-el-3  el_before_av_cell_one_fourth  avia-builder-el-first' ><div class='flex_cell_inner'>\n<style type=\"text\/css\" data-created_by=\"avia_inline_auto\" id=\"style-css-av-av_textblock-81b18b8bd1f17fbaf22bb4476409c4b5\">\n#top .av_textblock_section.av-av_textblock-81b18b8bd1f17fbaf22bb4476409c4b5 .avia_textblock{\ncolor:#1f434b;\n}\n<\/style>\n<section  class='av_textblock_section av-av_textblock-81b18b8bd1f17fbaf22bb4476409c4b5'  itemscope=\"itemscope\" itemtype=\"https:\/\/schema.org\/CreativeWork\" ><div class='avia_textblock av_inherit_color'  itemprop=\"text\" ><p class=\"p1\"><strong><img loading=\"lazy\" decoding=\"async\" class=\"size-full wp-image-2785 alignleft\" src=\"https:\/\/mariacaterinapratico.com\/wp-content\/uploads\/2023\/03\/MCP-logo-footer4.png\" alt=\"\" width=\"136\" height=\"111\" srcset=\"https:\/\/mariacaterinapratico.com\/wp-content\/uploads\/2023\/03\/MCP-logo-footer4.png 136w, https:\/\/mariacaterinapratico.com\/wp-content\/uploads\/2023\/03\/MCP-logo-footer4-15x12.png 15w\" sizes=\"auto, (max-width: 136px) 100vw, 136px\" \/>DOTT.SSA<\/strong><br \/>\n<strong>MARIA CATERINA PRATIC\u00d2<\/strong><\/p>\n<p class=\"p1\">ESPECIALIZADA EN PSICOPEDAGOG\u00cdA DEL CRECIMIENTO<br \/>\nA TRAV\u00c9S DE UNA TERAPIA BASADA EN LAS NEUROCIENCIAS<\/p>\n<\/div><\/section><br \/>\n\n<style type=\"text\/css\" data-created_by=\"avia_inline_auto\" id=\"style-css-av-av_iconlist-7034f9df57718d555e69defea3e82ea4\">\n#top .avia-icon-list-container.av-av_iconlist-7034f9df57718d555e69defea3e82ea4 .iconlist_icon{\ncolor:#80491e;\n}\n<\/style>\n<div  class='avia-icon-list-container av-av_iconlist-7034f9df57718d555e69defea3e82ea4  avia-builder-el-5  el_after_av_textblock  avia-builder-el-last'><ul class='avia-icon-list avia_animate_when_almost_visible avia-icon-list-left av-iconlist-small av-av_iconlist-7034f9df57718d555e69defea3e82ea4 avia-iconlist-animate'>\n<li><div class='iconlist_icon av-av_iconlist_item-485ad4e10334cb2b1f7f78420ae59481 avia-font-entypo-fontello'><span class='iconlist-char' aria-hidden='true' data-av_icon='\ue854' data-av_iconfont='entypo-fontello'><\/span><\/div><article class=\"article-icon-entry av-iconlist-empty\"  itemscope=\"itemscope\" itemtype=\"https:\/\/schema.org\/CreativeWork\" ><div class=\"iconlist_content_wrap\"><header class=\"entry-content-header\"><div class='av_iconlist_title iconlist_title_small'  itemprop=\"headline\" >TEL\u00c9FONO: +1-849-254-1717<\/div><\/header><div class='iconlist_content'  itemprop=\"text\" ><\/div><\/div><footer class=\"entry-footer\"><\/footer><\/article><div class=\"iconlist-timeline\"><\/div><\/li>\n<li><div class='iconlist_icon av-av_iconlist_item-fe073b80d5722ca3418e532ade2ae574 avia-font-entypo-fontello'><span class='iconlist-char' aria-hidden='true' data-av_icon='\ue805' data-av_iconfont='entypo-fontello'><\/span><\/div><article class=\"article-icon-entry av-iconlist-empty\"  itemscope=\"itemscope\" itemtype=\"https:\/\/schema.org\/CreativeWork\" ><div class=\"iconlist_content_wrap\"><header class=\"entry-content-header\"><div class='av_iconlist_title iconlist_title_small'  itemprop=\"headline\" >CORREO: caterina.pratico@quanticbalance.com<\/div><\/header><div class='iconlist_content'  itemprop=\"text\" ><\/div><\/div><footer class=\"entry-footer\"><\/footer><\/article><div class=\"iconlist-timeline\"><\/div><\/li>\n<\/ul><\/div><\/p>\n<\/div><\/div>\n<style type=\"text\/css\" data-created_by=\"avia_inline_auto\" id=\"style-css-av-av_cell_one_fourth-22fab2bee515a8f149b045c6657fcbbd\">\n.flex_cell.av-av_cell_one_fourth-22fab2bee515a8f149b045c6657fcbbd{\nvertical-align:top;\n}\n.responsive #top #wrap_all .flex_cell.av-av_cell_one_fourth-22fab2bee515a8f149b045c6657fcbbd{\npadding:0 50px 10px 0 !important;\n}\n<\/style>\n<div class='flex_cell av-av_cell_one_fourth-22fab2bee515a8f149b045c6657fcbbd av-gridrow-cell av_one_fourth no_margin  avia-builder-el-6  el_after_av_cell_three_fourth  avia-builder-el-last' ><div class='flex_cell_inner'><section  class='av_textblock_section av-av_textblock-7a1af7d8f9790576b1769c0a9f0449ed'  itemscope=\"itemscope\" itemtype=\"https:\/\/schema.org\/CreativeWork\" ><div class='avia_textblock'  itemprop=\"text\" ><p style=\"text-align: right;\">EL PARA\u00cdSO<br \/>\nSOS\u00daA, DIR. PANORAMA VILLAGE,<br \/>\nREP\u00daBLICA DOMINICANA<\/p>\n<p><a href=\"https:\/\/www.instagram.com\/elparaiso_sosua\/\"><img loading=\"lazy\" decoding=\"async\" class=\"wp-image-2674 alignright\" src=\"https:\/\/mariacaterinapratico.com\/wp-content\/uploads\/2023\/02\/instagram-icon.png\" alt=\"\" width=\"26\" height=\"26\" \/><\/a><\/p>\n<\/div><\/section><br \/>\n\n<style type=\"text\/css\" data-created_by=\"avia_inline_auto\" id=\"style-css-av-av_hr-3cdc9664f29087702913853352eac422\">\n#top .hr.hr-invisible.av-av_hr-3cdc9664f29087702913853352eac422{\nheight:10px;\n}\n<\/style>\n<div  class='hr av-av_hr-3cdc9664f29087702913853352eac422 hr-invisible  avia-builder-el-8  el_after_av_textblock  el_before_av_textblock'><span class='hr-inner'><span class=\"hr-inner-style\"><\/span><\/span><\/div><br \/>\n\n<style type=\"text\/css\" data-created_by=\"avia_inline_auto\" id=\"style-css-av-av_textblock-0797555c85b194776886c46c0d4fd06c\">\n#top .av_textblock_section.av-av_textblock-0797555c85b194776886c46c0d4fd06c .avia_textblock{\ntext-align:right;\n}\n<\/style>\n<section  class='av_textblock_section av-av_textblock-0797555c85b194776886c46c0d4fd06c'  itemscope=\"itemscope\" itemtype=\"https:\/\/schema.org\/CreativeWork\" ><div class='avia_textblock'  itemprop=\"text\" ><p style=\"font-size: 10px; text-align: right;\">\u00a92023 Maria Caterina Pratic\u00f2 | Reservados Todos los Derechos<br \/>\nSitio web y dise\u00f1o de marca: Dream Work Freedom | Fotos: Jos\u00e9 A. Fotograf\u00eda |\u00a0<a href=\"https:\/\/mariacaterinapratico.com\/es\/privacy-policy\/\" target=\"_blank\" rel=\"noopener\">Pol\u00edtica de privacidad<\/a><\/p>\n<\/div><\/section><\/p>\n<\/div><\/div>\n<\/div>","protected":false},"excerpt":{"rendered":"","protected":false},"author":1,"featured_media":0,"parent":0,"menu_order":0,"comment_status":"closed","ping_status":"open","template":"","meta":{"footnotes":""},"class_list":["post-3","page","type-page","status-publish","hentry"],"_links":{"self":[{"href":"https:\/\/mariacaterinapratico.com\/es\/wp-json\/wp\/v2\/pages\/3","targetHints":{"allow":["GET"]}}],"collection":[{"href":"https:\/\/mariacaterinapratico.com\/es\/wp-json\/wp\/v2\/pages"}],"about":[{"href":"https:\/\/mariacaterinapratico.com\/es\/wp-json\/wp\/v2\/types\/page"}],"author":[{"embeddable":true,"href":"https:\/\/mariacaterinapratico.com\/es\/wp-json\/wp\/v2\/users\/1"}],"replies":[{"embeddable":true,"href":"https:\/\/mariacaterinapratico.com\/es\/wp-json\/wp\/v2\/comments?post=3"}],"version-history":[{"count":4,"href":"https:\/\/mariacaterinapratico.com\/es\/wp-json\/wp\/v2\/pages\/3\/revisions"}],"predecessor-version":[{"id":2885,"href":"https:\/\/mariacaterinapratico.com\/es\/wp-json\/wp\/v2\/pages\/3\/revisions\/2885"}],"wp:attachment":[{"href":"https:\/\/mariacaterinapratico.com\/es\/wp-json\/wp\/v2\/media?parent=3"}],"curies":[{"name":"wp","href":"https:\/\/api.w.org\/{rel}","templated":true}]}}